{"id":190,"date":"2019-12-09T20:17:27","date_gmt":"2019-12-09T18:17:27","guid":{"rendered":"http:\/\/box5347.temp.domains\/~marcsten\/?page_id=190"},"modified":"2020-11-18T21:32:27","modified_gmt":"2020-11-19T02:32:27","slug":"legal","status":"publish","type":"page","link":"https:\/\/marcsten.com\/es\/home\/legal\/","title":{"rendered":"Legal"},"content":{"rendered":"<h2 class=\"wp-block-heading\">     T\u00e9rminos y condiciones de uso <\/h2>\n\n\n\n<h3 class=\"wp-block-heading\">\n    1. Terms\n<\/h3>\n\n\n\n<p>\n    Al acceder a este sitio web, acepta estar sujeto a estas\n    T\u00e9rminos y condiciones de uso del sitio web, todas las leyes y regulaciones aplicables,\n    y acepta que es responsable del cumplimiento de las normas locales aplicables.\n    leyes. Si no est\u00e1 de acuerdo con alguno de estos t\u00e9rminos, tiene prohibido\n    usar o acceder a este sitio. Los materiales contenidos en este sitio web son\n    protegido por la ley aplicable de derechos de autor y marcas comerciales.\n<\/p>\n\n\n\n<h3 class=\"wp-block-heading\">\n    2. Licencia de uso\n<\/h3>\n\n\n\n<ol class=\"wp-block-list\"><li>\n        Se concede permiso para descargar temporalmente una copia de los materiales.\n        (informaci\u00f3n o software) en el sitio web de Marcsten LLC para fines personales,\n        visualizaci\u00f3n transitoria no comercial solamente. Esta es la concesi\u00f3n de una licencia,\n        no es una transferencia de t\u00edtulo, y bajo esta licencia no puede:\n\n        <ol type=\"i\"><li>modificar o copiar los materiales;<\/li><li>utilizar los materiales para cualquier prop\u00f3sito comercial o para cualquier exhibici\u00f3n p\u00fablica (comercial o no comercial);<\/li><li>intentar descompilar o realizar ingenier\u00eda inversa de cualquier software contenido en el sitio web de Marcsten LLC;<\/li><li>eliminar cualquier copyright u otras anotaciones de propiedad de los materiales; o<\/li><li>transferir los materiales a otra persona o \"reflejar\" los materiales en cualquier otro servidor.<\/li><\/ol>\n    <\/li><li>\n        Esta licencia terminar\u00e1 autom\u00e1ticamente si usted viola cualquiera de estas restricciones y puede ser cancelada por Marcsten LLC en cualquier momento. Al terminar su visualizaci\u00f3n de estos materiales o al finalizar esta licencia, debe destruir cualquier material descargado en su posesi\u00f3n, ya sea en formato electr\u00f3nico o impreso.\n    <\/li><\/ol>\n\n\n\n<h3 class=\"wp-block-heading\">\n    3. Disclaimer\n<\/h3>\n\n\n\n<ol class=\"wp-block-list\"><li>\n        Los materiales en el sitio web de Marcsten LLC se proporcionan \"tal cual\". Marcsten LLC no ofrece ninguna garant\u00eda, expresa o impl\u00edcita, y por la presente renuncia y niega todas las dem\u00e1s garant\u00edas, incluidas, entre otras, las garant\u00edas impl\u00edcitas o condiciones de comerciabilidad, idoneidad para un prop\u00f3sito particular o no infracci\u00f3n de la propiedad intelectual u otra violaci\u00f3n de derechos. Adem\u00e1s, Marcsten LLC no garantiza ni hace ninguna declaraci\u00f3n con respecto a la precisi\u00f3n, los resultados probables o la confiabilidad del uso de los materiales en su sitio web de Internet o en relaci\u00f3n con dichos materiales o en cualquier sitio vinculado a este sitio.\n    <\/li><\/ol>\n\n\n\n<h3 class=\"wp-block-heading\">\n    4. Limitations\n<\/h3>\n\n\n\n<p>\n    En ning\u00fan caso Marcsten LLC o sus proveedores ser\u00e1n responsables de los da\u00f1os (incluidos, entre otros, los da\u00f1os por p\u00e9rdida de datos o ganancias, o debido a la interrupci\u00f3n del negocio) que surjan del uso o la imposibilidad de usar los materiales en Internet de Marcsten LLC. sitio, incluso si Marcsten LLC o un representante autorizado de Marcsten LLC han sido notificados verbalmente o por escrito de la posibilidad de tal da\u00f1o. Debido a que algunas jurisdicciones no permiten limitaciones sobre garant\u00edas impl\u00edcitas o limitaciones de responsabilidad por da\u00f1os consecuentes o incidentales, estas limitaciones pueden no aplicarse en su caso.\n<\/p>\n\n\n\n<h3 class=\"wp-block-heading\">\n    5. Revisions and Errata\n<\/h3>\n\n\n\n<p>\n    Los materiales que aparecen en el sitio web de Marcsten LLC pueden incluir errores t\u00e9cnicos, tipogr\u00e1ficos o fotogr\u00e1ficos. Marcsten LLC no garantiza que ninguno de los materiales de su sitio web sea preciso, completo o actualizado. Marcsten LLC puede realizar cambios en los materiales contenidos en su sitio web en cualquier momento sin previo aviso. Sin embargo, Marcsten LLC no se compromete a actualizar los materiales.\n<\/p>\n\n\n\n<h3 class=\"wp-block-heading\">\n    6. Links\n<\/h3>\n\n\n\n<p>\n    Marcsten LLC no ha revisado todos los sitios vinculados a su sitio web de Internet y no es responsable del contenido de dichos sitios vinculados. La inclusi\u00f3n de cualquier enlace no implica el respaldo de Marcsten LLC del sitio. El uso de cualquier sitio web vinculado es por cuenta y riesgo del usuario.\n<\/p>\n\n\n\n<h3 class=\"wp-block-heading\">\n    7. Site Terms of Use Modifications\n<\/h3>\n\n\n\n<p>\n    Marcsten LLC puede revisar estos t\u00e9rminos de uso de su sitio web en cualquier momento sin previo aviso. Al utilizar este sitio web, usted acepta estar sujeto a la versi\u00f3n actual de estos T\u00e9rminos y condiciones de uso.\n<\/p>\n\n\n\n<h3 class=\"wp-block-heading\">\n    8. Governing Law\n<\/h3>\n\n\n\n<p>\n    Cualquier reclamo relacionado con el sitio web de Marcsten LLC se regir\u00e1 por las leyes del estado de Florida sin tener en cuenta las disposiciones sobre conflicto de leyes.\n<\/p>\n\n\n\n<p>\n    T\u00e9rminos y condiciones generales aplicables al uso de un sitio web.\n<\/p>\n\n\n\n<h2 class=\"wp-block-heading\">\n    Privacy Policy\n<\/h2>\n\n\n\n<p>\n    Su privacidad es muy importante para nosotros. En consecuencia, hemos desarrollado esta Pol\u00edtica para que usted comprenda c\u00f3mo recopilamos, usamos, comunicamos y divulgamos y hacemos uso de la informaci\u00f3n personal. A continuaci\u00f3n se describe nuestra pol\u00edtica de privacidad.\n<\/p>\n\n\n\n<ul class=\"wp-block-list\"><li>\n        Antes o en el momento de recopilar informaci\u00f3n personal, identificaremos los fines para los que se recopila la informaci\u00f3n.\n    <\/li><li>\n        Recopilaremos y usaremos informaci\u00f3n personal \u00fanicamente con el objetivo de cumplir con los fines especificados por nosotros y para otros fines compatibles, a menos que obtengamos el consentimiento de la persona en cuesti\u00f3n o seg\u00fan lo exija la ley.       \n    <\/li><li>\n        Solo conservaremos la informaci\u00f3n personal durante el tiempo que sea necesario para el cumplimiento de esos fines. \n    <\/li><li>\n        Recopilaremos informaci\u00f3n personal por medios legales y justos y, cuando corresponda, con el conocimiento o consentimiento de la persona en cuesti\u00f3n. \n    <\/li><li>\n        Los datos personales deben ser relevantes para los fines para los que se utilizar\u00e1n y, en la medida necesaria para esos fines, deben ser precisos, completos y actualizados. \n    <\/li><li>\n        Protegeremos la informaci\u00f3n personal mediante medidas de seguridad razonables contra p\u00e9rdida o robo, as\u00ed como acceso, divulgaci\u00f3n, copia, uso o modificaci\u00f3n no autorizados.\n    <\/li><li>\n        Pondremos a disposici\u00f3n de los clientes informaci\u00f3n sobre nuestras pol\u00edticas y pr\u00e1cticas relacionadas con la gesti\u00f3n de informaci\u00f3n personal. \n    <\/li><\/ul>\n\n\n\n<p>\n    Estamos comprometidos a llevar a cabo nuestro negocio de acuerdo con estos principios para asegurar que la confidencialidad de la informaci\u00f3n personal est\u00e9 protegida y mantenida. \n<\/p>","protected":false},"excerpt":{"rendered":"<p>Terms and Conditions of Use 1. Terms By accessing this web site, you are agreeing to be bound by these web site Terms and Conditions of Use, all applicable laws and regulations, and agree that you are responsible for compliance <a href=\"https:\/\/marcsten.com\/es\/home\/legal\/\" class=\"more-link\">[&hellip;]<\/a><\/p>","protected":false},"author":1,"featured_media":0,"parent":12,"menu_order":4,"comment_status":"closed","ping_status":"closed","template":"","meta":{"om_disable_all_campaigns":false,"Layout":"","footnotes":""},"class_list":["entry","author-admin","post-190","page","type-page","status-publish"],"jetpack_sharing_enabled":true,"_links":{"self":[{"href":"https:\/\/marcsten.com\/es\/wp-json\/wp\/v2\/pages\/190","targetHints":{"allow":["GET"]}}],"collection":[{"href":"https:\/\/marcsten.com\/es\/wp-json\/wp\/v2\/pages"}],"about":[{"href":"https:\/\/marcsten.com\/es\/wp-json\/wp\/v2\/types\/page"}],"author":[{"embeddable":true,"href":"https:\/\/marcsten.com\/es\/wp-json\/wp\/v2\/users\/1"}],"replies":[{"embeddable":true,"href":"https:\/\/marcsten.com\/es\/wp-json\/wp\/v2\/comments?post=190"}],"version-history":[{"count":1,"href":"https:\/\/marcsten.com\/es\/wp-json\/wp\/v2\/pages\/190\/revisions"}],"predecessor-version":[{"id":191,"href":"https:\/\/marcsten.com\/es\/wp-json\/wp\/v2\/pages\/190\/revisions\/191"}],"up":[{"embeddable":true,"href":"https:\/\/marcsten.com\/es\/wp-json\/wp\/v2\/pages\/12"}],"wp:attachment":[{"href":"https:\/\/marcsten.com\/es\/wp-json\/wp\/v2\/media?parent=190"}],"curies":[{"name":"wp","href":"https:\/\/api.w.org\/{rel}","templated":true}]}}