{"id":265,"date":"2020-02-04T21:21:41","date_gmt":"2020-02-04T19:21:41","guid":{"rendered":"http:\/\/box5347.temp.domains\/~marcsten\/?page_id=265"},"modified":"2021-01-22T21:18:50","modified_gmt":"2021-01-23T02:18:50","slug":"about-us","status":"publish","type":"page","link":"https:\/\/marcsten.com\/es\/home\/about-us\/","title":{"rendered":"Sobre Nosotros"},"content":{"rendered":"<p class=\"has-text-align-left\" style=\"font-size:14px\">Marcsten LLC was founded by two veterans of the United States Air Force. With over 12 years of international experience in more than 20 countries, Marcsten has found itself in a unique position to solve everyday problems with globally diverse solutions.\u00a0 Our goal is to spread the most profitable business practices from around the world by channeling these tactics into growing economies.<\/p>\n\n\n\n<p class=\"has-text-align-center\" style=\"font-size:15px\"><strong>Frank Martinez<\/strong><\/p>\n\n\n\n<p style=\"font-size:12px\">Frank naci\u00f3 en Barranquilla, Colombia, y creci\u00f3 en Florida, junto con su madre y dos hermanas. Tiene una maestr\u00eda en administraci\u00f3n de la cadena de suministro y an\u00e1lisis de datos de la Universidad Estatal de Michigan y es un veterano de la Fuerza A\u00e9rea de EE. UU. Despu\u00e9s de una carrera de ocho a\u00f1os en administraci\u00f3n de proyectos, ingenier\u00eda e inteligencia militar en operaciones que se expandieron a 26 pa\u00edses, tres despliegues y siete asignaciones, Frank dej\u00f3 la Fuerza A\u00e9rea para comenzar su negocio. Esto se bas\u00f3 en su pasi\u00f3n por ayudar a las empresas y a las personas a lograr sus objetivos. Conoci\u00f3 a Luke durante su \u00faltima asignaci\u00f3n, donde administraba una de las infraestructuras de sistemas de armas m\u00e1s grandes de la Fuerza A\u00e9rea en Asia. All\u00ed recibi\u00f3 numerosos premios, incluido el Premio de la Unidad Presidencial de Corea por su preparaci\u00f3n operativa. La pasi\u00f3n por el crecimiento, la amistad y una inquieta curiosidad por la tecnolog\u00eda fueron los catalizadores que llevaron a la creaci\u00f3n de Marcsten.&nbsp;<\/p>\n\n\n\n<p class=\"has-text-align-center\"><strong>Luke Stensberg<\/strong><\/p>\n\n\n\n<p style=\"font-size:12px\">Al crecer en las afueras de Chicago, Luke se esforz\u00f3 por aprender de otras partes del mundo desde el principio. Asisti\u00f3 a la Academia de la Fuerza A\u00e9rea de los Estados Unidos donde estudi\u00f3 Pol\u00edtica y Relaciones Internacionales, pero finalmente busc\u00f3 las oportunidades que la Tecnolog\u00eda de la Informaci\u00f3n ten\u00eda para ofrecer y fue comisionado como Oficial de Operaciones Cibern\u00e9ticas. Su carrera lo ha llevado por todo el mundo, ya que ha estado destinado en tres pa\u00edses y llevado temporalmente a otros 29. Como oficial, Luke obtuvo experiencia de liderazgo en la gesti\u00f3n de cientos de proyectos y dirigiendo a 62 aviadores, lo que le llev\u00f3 a numerosos premios y condecoraciones para \u00e9l y sus l\u00edderes. Mientras estaba en servicio activo, fund\u00f3 Marcsten con Frank cuando los dos se dieron cuenta de su exposici\u00f3n internacional que hay ideas fascinantes en todo el mundo que simplemente est\u00e1n listas para que se difunda una plataforma. A trav\u00e9s de Marcsten, lograr\u00e1n este objetivo.&nbsp;<\/p>","protected":false},"excerpt":{"rendered":"<p>Marcsten LLC was founded by two veterans of the United States Air Force. With over 12 years of international experience in more than 20 countries, Marcsten has found itself in a unique position to solve everyday problems with globally diverse <a href=\"https:\/\/marcsten.com\/es\/home\/about-us\/\" class=\"more-link\">[&hellip;]<\/a><\/p>","protected":false},"author":1,"featured_media":0,"parent":12,"menu_order":3,"comment_status":"closed","ping_status":"closed","template":"","meta":{"om_disable_all_campaigns":false,"Layout":"","footnotes":""},"class_list":["entry","author-admin","post-265","page","type-page","status-publish"],"jetpack_sharing_enabled":true,"_links":{"self":[{"href":"https:\/\/marcsten.com\/es\/wp-json\/wp\/v2\/pages\/265","targetHints":{"allow":["GET"]}}],"collection":[{"href":"https:\/\/marcsten.com\/es\/wp-json\/wp\/v2\/pages"}],"about":[{"href":"https:\/\/marcsten.com\/es\/wp-json\/wp\/v2\/types\/page"}],"author":[{"embeddable":true,"href":"https:\/\/marcsten.com\/es\/wp-json\/wp\/v2\/users\/1"}],"replies":[{"embeddable":true,"href":"https:\/\/marcsten.com\/es\/wp-json\/wp\/v2\/comments?post=265"}],"version-history":[{"count":11,"href":"https:\/\/marcsten.com\/es\/wp-json\/wp\/v2\/pages\/265\/revisions"}],"predecessor-version":[{"id":383,"href":"https:\/\/marcsten.com\/es\/wp-json\/wp\/v2\/pages\/265\/revisions\/383"}],"up":[{"embeddable":true,"href":"https:\/\/marcsten.com\/es\/wp-json\/wp\/v2\/pages\/12"}],"wp:attachment":[{"href":"https:\/\/marcsten.com\/es\/wp-json\/wp\/v2\/media?parent=265"}],"curies":[{"name":"wp","href":"https:\/\/api.w.org\/{rel}","templated":true}]}}