{"id":42,"date":"2019-07-22T21:10:10","date_gmt":"2019-07-22T19:10:10","guid":{"rendered":"http:\/\/box5347.temp.domains\/~marcsten\/?page_id=42"},"modified":"2020-11-18T21:26:17","modified_gmt":"2020-11-19T02:26:17","slug":"our-services","status":"publish","type":"page","link":"https:\/\/marcsten.com\/es\/home\/our-services\/","title":{"rendered":"Lo Que Ofrecemos"},"content":{"rendered":"<blockquote class=\"wp-block-quote is-layout-flow wp-block-quote-is-layout-flow\"><p>Nuestra misi\u00f3n: <strong>Aprovechar la tecnolog\u00eda de todo el mundo para trabajar de forma m\u00e1s inteligente, no m\u00e1s dif\u00edcil.<\/strong><\/p><\/blockquote>\n\n\n\n<p>Hacemos esto a trav\u00e9s de nuestro:<\/p>\n\n\n\n<blockquote class=\"wp-block-quote is-style-default is-layout-flow wp-block-quote-is-layout-flow\"><p><strong>Enfoque centrado en el cliente,<\/strong><\/p><p><strong>Asociaciones transparentes y<\/strong><\/p><p><strong>Tecnolog\u00eda sustentable<\/strong><\/p><\/blockquote>\n\n\n\n<p class=\"has-text-align-left\"><em>\u00bfQuiere maximizar la eficiencia y la capacidad de respuesta de su personal de servicio con bajos costos adicionales? <\/em><\/p>\n\n\n\n<p class=\"has-text-align-center\">Perm\u00edtanos presentarle nuestra tecnolog\u00eda simple pero innovadora en su entorno de trabajo, <em>CALL ME!<\/em>. El hardware de paginaci\u00f3n de botones maximizar\u00e1 el servicio al cliente de su empresa sin una carga adicional. <\/p>\n\n\n\n<div class=\"wp-block-image\"><figure class=\"alignright size-medium\"><img data-recalc-dims=\"1\" loading=\"lazy\" decoding=\"async\" width=\"300\" height=\"242\" src=\"https:\/\/i0.wp.com\/marcsten.com\/wp-content\/uploads\/2019\/12\/at-work-1.png?resize=300%2C242&#038;ssl=1\" alt=\"\" class=\"wp-image-206\" srcset=\"https:\/\/i0.wp.com\/marcsten.com\/wp-content\/uploads\/2019\/12\/at-work-1.png?resize=300%2C242&amp;ssl=1 300w, https:\/\/i0.wp.com\/marcsten.com\/wp-content\/uploads\/2019\/12\/at-work-1.png?resize=1024%2C828&amp;ssl=1 1024w, https:\/\/i0.wp.com\/marcsten.com\/wp-content\/uploads\/2019\/12\/at-work-1.png?resize=768%2C621&amp;ssl=1 768w, https:\/\/i0.wp.com\/marcsten.com\/wp-content\/uploads\/2019\/12\/at-work-1.png?resize=1536%2C1241&amp;ssl=1 1536w, https:\/\/i0.wp.com\/marcsten.com\/wp-content\/uploads\/2019\/12\/at-work-1.png?w=1814&amp;ssl=1 1814w, https:\/\/i0.wp.com\/marcsten.com\/wp-content\/uploads\/2019\/12\/at-work-1.png?w=1280&amp;ssl=1 1280w\" sizes=\"auto, (max-width: 300px) 100vw, 300px\" \/><\/figure><\/div>\n\n\n\n<p class=\"has-text-align-center\">Las empresas que ofrecen un servicio deficiente eventualmente se quedan sin negocio. Seg\u00fan un reciente&nbsp;<a href=\"http:\/\/www.walkerinfo.com\/customers2020\/\">informe publicado por WalkerInfo<\/a>, Una empresa de consultor\u00eda para la inteligencia del cliente, la experiencia del cliente superar\u00e1 las medidas t\u00edpicas como el precio o el producto como el diferenciador clave entre las empresas para 2020. Con las redes sociales y las plataformas de rese\u00f1as como Yelp, es importante mantener a sus clientes satisfechos.<\/p>\n\n\n\n<figure class=\"wp-block-image size-large\"><img data-recalc-dims=\"1\" loading=\"lazy\" decoding=\"async\" width=\"640\" height=\"258\" src=\"https:\/\/i0.wp.com\/marcsten.com\/wp-content\/uploads\/2020\/02\/Screen-Shot-2020-02-04-at-20.30.46-1.png?resize=640%2C258&#038;ssl=1\" alt=\"\" class=\"wp-image-277\" srcset=\"https:\/\/i0.wp.com\/marcsten.com\/wp-content\/uploads\/2020\/02\/Screen-Shot-2020-02-04-at-20.30.46-1.png?resize=1024%2C412&amp;ssl=1 1024w, https:\/\/i0.wp.com\/marcsten.com\/wp-content\/uploads\/2020\/02\/Screen-Shot-2020-02-04-at-20.30.46-1.png?resize=300%2C121&amp;ssl=1 300w, https:\/\/i0.wp.com\/marcsten.com\/wp-content\/uploads\/2020\/02\/Screen-Shot-2020-02-04-at-20.30.46-1.png?resize=768%2C309&amp;ssl=1 768w, https:\/\/i0.wp.com\/marcsten.com\/wp-content\/uploads\/2020\/02\/Screen-Shot-2020-02-04-at-20.30.46-1.png?resize=1536%2C617&amp;ssl=1 1536w, https:\/\/i0.wp.com\/marcsten.com\/wp-content\/uploads\/2020\/02\/Screen-Shot-2020-02-04-at-20.30.46-1.png?resize=2048%2C823&amp;ssl=1 2048w, https:\/\/i0.wp.com\/marcsten.com\/wp-content\/uploads\/2020\/02\/Screen-Shot-2020-02-04-at-20.30.46-1.png?w=1280&amp;ssl=1 1280w, https:\/\/i0.wp.com\/marcsten.com\/wp-content\/uploads\/2020\/02\/Screen-Shot-2020-02-04-at-20.30.46-1.png?w=1920&amp;ssl=1 1920w\" sizes=\"auto, (max-width: 640px) 100vw, 640px\" \/><\/figure>\n\n\n\n<p class=\"has-text-align-center\">Marcsten le dice a su personal qu\u00e9 clientes necesitan asistencia y d\u00f3nde, todo de manera automatizada. Nuestros servicios simplifican las experiencias tanto del cliente como del empleado, agilizando las operaciones diarias de su negocio para todos. El 83% de los clientes de Marcsten est\u00e1n entusiasmados con el hecho de que volver\u00edan a buscar nuestros servicios al decidir d\u00f3nde llevar su negocio. Eso es porque Marcsten te atrapa:<\/p>\n\n\n\n<ul class=\"wp-block-list\"><li>Facilidad de comunicaci\u00f3n con el cliente  <\/li><li>Tiempo de respuesta mejorado<\/li><li>Mayor eficiencia con el personal existente<\/li><\/ul>\n\n\n\n<div class=\"wp-block-image\"><figure class=\"aligncenter is-resized\"><img data-recalc-dims=\"1\" loading=\"lazy\" decoding=\"async\" src=\"https:\/\/i0.wp.com\/marcsten.com\/wp-content\/uploads\/2019\/07\/Screenshot-2019-07-29-at-21.14.15.png?resize=640%2C372&#038;ssl=1\" alt=\"\" class=\"wp-image-77\" width=\"640\" height=\"372\" srcset=\"https:\/\/i0.wp.com\/marcsten.com\/wp-content\/uploads\/2019\/07\/Screenshot-2019-07-29-at-21.14.15.png?resize=1024%2C595&amp;ssl=1 1024w, https:\/\/i0.wp.com\/marcsten.com\/wp-content\/uploads\/2019\/07\/Screenshot-2019-07-29-at-21.14.15.png?resize=300%2C174&amp;ssl=1 300w, https:\/\/i0.wp.com\/marcsten.com\/wp-content\/uploads\/2019\/07\/Screenshot-2019-07-29-at-21.14.15.png?resize=768%2C446&amp;ssl=1 768w, https:\/\/i0.wp.com\/marcsten.com\/wp-content\/uploads\/2019\/07\/Screenshot-2019-07-29-at-21.14.15.png?w=1280&amp;ssl=1 1280w, https:\/\/i0.wp.com\/marcsten.com\/wp-content\/uploads\/2019\/07\/Screenshot-2019-07-29-at-21.14.15.png?w=1920&amp;ssl=1 1920w\" sizes=\"auto, (max-width: 640px) 100vw, 640px\" \/><\/figure><\/div>\n\n\n\n<figure class=\"wp-block-image is-resized\"><img loading=\"lazy\" decoding=\"async\" src=\"https:\/\/i0.wp.com\/box5347.temp.domains\/~marcsten\/wp-content\/uploads\/2019\/07\/Screenshot-2019-07-29-at-21.53.10.png?fit=525%2C232\" alt=\"\" class=\"wp-image-100\" width=\"648\" height=\"286\" srcset=\"https:\/\/i0.wp.com\/marcsten.com\/wp-content\/uploads\/2019\/07\/Screenshot-2019-07-29-at-21.53.10.png?w=2036&amp;ssl=1 2036w, https:\/\/i0.wp.com\/marcsten.com\/wp-content\/uploads\/2019\/07\/Screenshot-2019-07-29-at-21.53.10.png?resize=300%2C133&amp;ssl=1 300w, https:\/\/i0.wp.com\/marcsten.com\/wp-content\/uploads\/2019\/07\/Screenshot-2019-07-29-at-21.53.10.png?resize=768%2C339&amp;ssl=1 768w, https:\/\/i0.wp.com\/marcsten.com\/wp-content\/uploads\/2019\/07\/Screenshot-2019-07-29-at-21.53.10.png?resize=1024%2C453&amp;ssl=1 1024w, https:\/\/i0.wp.com\/marcsten.com\/wp-content\/uploads\/2019\/07\/Screenshot-2019-07-29-at-21.53.10.png?w=1280&amp;ssl=1 1280w, https:\/\/i0.wp.com\/marcsten.com\/wp-content\/uploads\/2019\/07\/Screenshot-2019-07-29-at-21.53.10.png?w=1920&amp;ssl=1 1920w\" sizes=\"auto, (max-width: 640px) 100vw, 640px\" \/><\/figure>\n\n\n\n<h2 class=\"wp-block-heading\"><em>Los restaurantes son solo el comienzo ...<\/em><\/h2>","protected":false},"excerpt":{"rendered":"<p>Our Mission: To leverage technology around the globe to work smarter, not harder. We do this through our: Customer-centric focus, Transparent partnerships, and Sustainable technology Want to maximize the efficiency and responsiveness of your waiting staff with low additional costs? <a href=\"https:\/\/marcsten.com\/es\/home\/our-services\/\" class=\"more-link\">[&hellip;]<\/a><\/p>","protected":false},"author":1,"featured_media":0,"parent":12,"menu_order":2,"comment_status":"closed","ping_status":"closed","template":"","meta":{"om_disable_all_campaigns":false,"Layout":"","footnotes":""},"class_list":["entry","author-admin","post-42","page","type-page","status-publish"],"jetpack_sharing_enabled":true,"_links":{"self":[{"href":"https:\/\/marcsten.com\/es\/wp-json\/wp\/v2\/pages\/42","targetHints":{"allow":["GET"]}}],"collection":[{"href":"https:\/\/marcsten.com\/es\/wp-json\/wp\/v2\/pages"}],"about":[{"href":"https:\/\/marcsten.com\/es\/wp-json\/wp\/v2\/types\/page"}],"author":[{"embeddable":true,"href":"https:\/\/marcsten.com\/es\/wp-json\/wp\/v2\/users\/1"}],"replies":[{"embeddable":true,"href":"https:\/\/marcsten.com\/es\/wp-json\/wp\/v2\/comments?post=42"}],"version-history":[{"count":36,"href":"https:\/\/marcsten.com\/es\/wp-json\/wp\/v2\/pages\/42\/revisions"}],"predecessor-version":[{"id":378,"href":"https:\/\/marcsten.com\/es\/wp-json\/wp\/v2\/pages\/42\/revisions\/378"}],"up":[{"embeddable":true,"href":"https:\/\/marcsten.com\/es\/wp-json\/wp\/v2\/pages\/12"}],"wp:attachment":[{"href":"https:\/\/marcsten.com\/es\/wp-json\/wp\/v2\/media?parent=42"}],"curies":[{"name":"wp","href":"https:\/\/api.w.org\/{rel}","templated":true}]}}